{"id":376,"date":"2022-09-08T12:12:26","date_gmt":"2022-09-08T12:12:26","guid":{"rendered":"https:\/\/orte-und-texte.de\/front_page\/"},"modified":"2024-10-02T00:43:20","modified_gmt":"2024-10-01T22:43:20","slug":"376-2","status":"publish","type":"page","link":"https:\/\/orte-und-texte.de\/en\/","title":{"rendered":"Reading the Noosphere"},"content":{"rendered":"<figure class=\"wp-block-image size-full is-resized\"><img data-recalc-dims=\"1\" loading=\"lazy\" decoding=\"async\" width=\"640\" height=\"360\" src=\"https:\/\/i0.wp.com\/orte-und-texte.de\/wp-content\/uploads\/2024\/10\/Buchstabenplanet4.gif?resize=640%2C360&#038;ssl=1\" alt=\"\" class=\"wp-image-644\" style=\"aspect-ratio:16\/9;object-fit:contain;width:863px\"\/><\/figure>\n\n\n\n<div style=\"height:100px\" aria-hidden=\"true\" class=\"wp-block-spacer\"><\/div>\n\n\n\n<p class=\"has-black-color has-white-background-color has-text-color has-background has-link-color wp-elements-74ee2906e753702b6f86bb26f127ad95\">\"Reading broadens the mind, travelling the horizon\", they say. And that is true - or can be true. Reading enriches us when we engage with what we encounter. Paging through a comedy, a treatise or an article about local architecture on the beach and considering the themes encountered or even talking to other people about things we enter the cultural sphere woven around the world by mankind. Subjective insights, unexpected approaches and even occasional revolutions characterise this fluid world of ideas - and sometimes also the places where they originated or were applied. Reading and travelling, one thus immerses oneself in that rarely harmless, often harsh wonderland of ideas and thoughts surrounding our planet, which one might call a \"thought ether\". I believe, however, that the term \"noosphere\" is more appropriate here. Made up of the ancient Greek words for thought\/reality and sphere the term has taken on various meanings since its introduction in the 1920s (more on this elsewhere). In the 1960s, Marshall McLuhan described the noosphere as a \"cosmic membrane that has been snapped around the globe by the electric dilation of our various senses\". Today, many would simply refer to it as \"the web\", but this rather simplistic view does not do justice to the dimension of ideas in which humans interact with products of the mind. However, the certainly intangible, ephemeral and electrifying noosphere can be described as being constantly recreated by us so-called recipients, through the march of history, new writings and individual interpretations. As a kind of gateway into the noosphere, combinations of places and texts (where \"text\" means anything that can be \"read\" in any way, i.e. any cultural work) are proposed and explained here. With the first explorations of this sphere, people pretty much by default become \u201eNoonauty\u201c, divers of the noosphere. This site is just another way of fostering interconnections in this depening ether. To which a comment on these pages could also contribute.<\/p>\n\n\n\n<p class=\"has-text-align-right has-medium-font-size\"><em>T. Elling.<\/em><\/p>\n\n\n<ul class=\"wp-block-latest-posts__list has-dates wp-block-latest-posts\"><li><div class=\"wp-block-latest-posts__featured-image alignleft\"><img loading=\"lazy\" decoding=\"async\" width=\"150\" height=\"150\" src=\"https:\/\/i0.wp.com\/orte-und-texte.de\/wp-content\/uploads\/2024\/10\/goldener-esel.jpg?resize=150%2C150&amp;ssl=1\" class=\"attachment-thumbnail size-thumbnail wp-post-image\" alt=\"\" style=\"\" srcset=\"https:\/\/i0.wp.com\/orte-und-texte.de\/wp-content\/uploads\/2024\/10\/goldener-esel.jpg?resize=150%2C150&amp;ssl=1 150w, https:\/\/i0.wp.com\/orte-und-texte.de\/wp-content\/uploads\/2024\/10\/goldener-esel.jpg?resize=300%2C300&amp;ssl=1 300w, https:\/\/i0.wp.com\/orte-und-texte.de\/wp-content\/uploads\/2024\/10\/goldener-esel.jpg?zoom=3&amp;resize=150%2C150 450w\" sizes=\"auto, (max-width: 150px) 100vw, 150px\" \/><\/div><a class=\"wp-block-latest-posts__post-title\" href=\"https:\/\/orte-und-texte.de\/en\/torun-eine-stadt-am-rande-des-kosmos\/\">Toru\u0144 \u2013 a city bordering the cosmos ...<\/a><time datetime=\"2024-10-01T19:30:26+02:00\" class=\"wp-block-latest-posts__post-date\">1. October 2024<\/time><\/li>\n<li><div class=\"wp-block-latest-posts__featured-image alignleft\"><img loading=\"lazy\" decoding=\"async\" width=\"150\" height=\"150\" src=\"https:\/\/i0.wp.com\/orte-und-texte.de\/wp-content\/uploads\/2024\/05\/Berlin-Kasten.jpg?resize=150%2C150&amp;ssl=1\" class=\"attachment-thumbnail size-thumbnail wp-post-image\" alt=\"\" style=\"\" srcset=\"https:\/\/i0.wp.com\/orte-und-texte.de\/wp-content\/uploads\/2024\/05\/Berlin-Kasten.jpg?resize=150%2C150&amp;ssl=1 150w, https:\/\/i0.wp.com\/orte-und-texte.de\/wp-content\/uploads\/2024\/05\/Berlin-Kasten.jpg?resize=300%2C300&amp;ssl=1 300w, https:\/\/i0.wp.com\/orte-und-texte.de\/wp-content\/uploads\/2024\/05\/Berlin-Kasten.jpg?zoom=3&amp;resize=150%2C150 450w\" sizes=\"auto, (max-width: 150px) 100vw, 150px\" \/><\/div><a class=\"wp-block-latest-posts__post-title\" href=\"https:\/\/orte-und-texte.de\/en\/berlin\/\">Berlin \u2013 The multi-facetted city in film and literatur<\/a><time datetime=\"2024-05-18T17:18:48+02:00\" class=\"wp-block-latest-posts__post-date\">18. May 2024<\/time><\/li>\n<li><div class=\"wp-block-latest-posts__featured-image alignleft\"><img loading=\"lazy\" decoding=\"async\" width=\"150\" height=\"150\" src=\"https:\/\/i0.wp.com\/orte-und-texte.de\/wp-content\/uploads\/2024\/05\/IMG20240301135136-scaled-e1716204609767.jpg?resize=150%2C150&amp;ssl=1\" class=\"attachment-thumbnail size-thumbnail wp-post-image\" alt=\"\" style=\"\" srcset=\"https:\/\/i0.wp.com\/orte-und-texte.de\/wp-content\/uploads\/2024\/05\/IMG20240301135136-scaled-e1716204609767.jpg?resize=150%2C150&amp;ssl=1 150w, https:\/\/i0.wp.com\/orte-und-texte.de\/wp-content\/uploads\/2024\/05\/IMG20240301135136-scaled-e1716204609767.jpg?resize=300%2C300&amp;ssl=1 300w, https:\/\/i0.wp.com\/orte-und-texte.de\/wp-content\/uploads\/2024\/05\/IMG20240301135136-scaled-e1716204609767.jpg?zoom=3&amp;resize=150%2C150 450w\" sizes=\"auto, (max-width: 150px) 100vw, 150px\" \/><\/div><a class=\"wp-block-latest-posts__post-title\" href=\"https:\/\/orte-und-texte.de\/en\/hello-world\/\">Ronda \u2013 the \"ciudad so\u00f1ada\" of travelling Romantics and bullfighting afficionados<\/a><time datetime=\"2024-05-14T17:12:40+02:00\" class=\"wp-block-latest-posts__post-date\">14. May 2024<\/time><\/li>\n<\/ul>\n\n\n<div class=\"wp-block-query is-layout-flow wp-block-query-is-layout-flow\"><\/div>","protected":false},"excerpt":{"rendered":"<p>\u201cLesen bildet, Reisen erweitert den Horizont\u201d, hei\u00dft es. Und das stimmt \u2013 oder kann stimmen. Lesen bereichert, wenn es zu einer Auseinandersetzung mit dem Vorgefundenen kommt. Wer beispielsweise irgendwo am Strand eine Kom\u00f6die, ein Traktat oder einen Artikel \u00fcber die lokale Geschichte lie\u00dft und dar\u00fcber nachdenkt oder mit anderen Standg\u00e4sten diskutiert tritt in eine Art&hellip;<\/p>","protected":false},"author":1,"featured_media":0,"parent":0,"menu_order":0,"comment_status":"closed","ping_status":"closed","template":"","meta":{"jetpack_post_was_ever_published":false,"iawp_total_views":314,"footnotes":""},"class_list":["post-376","page","type-page","status-publish","hentry"],"aioseo_notices":[],"jetpack-related-posts":[],"jetpack_sharing_enabled":true,"_links":{"self":[{"href":"https:\/\/orte-und-texte.de\/en\/wp-json\/wp\/v2\/pages\/376","targetHints":{"allow":["GET"]}}],"collection":[{"href":"https:\/\/orte-und-texte.de\/en\/wp-json\/wp\/v2\/pages"}],"about":[{"href":"https:\/\/orte-und-texte.de\/en\/wp-json\/wp\/v2\/types\/page"}],"author":[{"embeddable":true,"href":"https:\/\/orte-und-texte.de\/en\/wp-json\/wp\/v2\/users\/1"}],"replies":[{"embeddable":true,"href":"https:\/\/orte-und-texte.de\/en\/wp-json\/wp\/v2\/comments?post=376"}],"version-history":[{"count":10,"href":"https:\/\/orte-und-texte.de\/en\/wp-json\/wp\/v2\/pages\/376\/revisions"}],"predecessor-version":[{"id":645,"href":"https:\/\/orte-und-texte.de\/en\/wp-json\/wp\/v2\/pages\/376\/revisions\/645"}],"wp:attachment":[{"href":"https:\/\/orte-und-texte.de\/en\/wp-json\/wp\/v2\/media?parent=376"}],"curies":[{"name":"wp","href":"https:\/\/api.w.org\/{rel}","templated":true}]}}