{"id":681,"date":"2024-10-02T20:01:13","date_gmt":"2024-10-02T18:01:13","guid":{"rendered":"https:\/\/orte-und-texte.de\/?page_id=681"},"modified":"2024-10-02T20:01:14","modified_gmt":"2024-10-02T18:01:14","slug":"tellingtelegramm","status":"publish","type":"page","link":"https:\/\/orte-und-texte.de\/en\/tellingtelegramm\/","title":{"rendered":"telling:Telegramm"},"content":{"rendered":"<p>Das telling:Telegramm ist unsere Version eines Newsletters. Wer sich hier einschreibt erh\u00e4lt sporadisch Mails mit Hinweisen zu neuen Beitr\u00e4gen auf diesem Blog, zu anderen Publikationen und Aktivit\u00e4ten von t. elling und Holly Nullmeyer, und zur Website didimos.org (Nachrichten aus der Zukunft), die wir hier auch empfehlen m\u00f6chten.<\/p>\n\n\n<div class='fluentform ff-default fluentform_wrapper_3  ff_guten_block ffs_default_wrap'><form data-form_id=\"3\" id=\"fluentform_3\" class=\"frm-fluent-form fluent_form_3 ff-el-form-top ff_form_instance_3_1 ff-form-loading ffs_default\" data-form_instance=\"ff_form_instance_3_1\" method=\"POST\" action=\"\" ><fieldset  style=\"border: none!important;margin: 0!important;padding: 0!important;background-color: transparent!important;box-shadow: none!important;outline: none!important; min-inline-size: 100%;\">\n                    <legend class=\"ff_screen_reader_title\" style=\"display: block; margin: 0!important;padding: 0!important;height: 0!important;text-indent: -999999px;width: 0!important;overflow:hidden;\">Newsletter Form (#3)<\/legend><input type='hidden' name='__fluent_form_embded_post_id' value='681' \/><input type=\"hidden\" id=\"_fluentform_3_fluentformnonce\" name=\"_fluentform_3_fluentformnonce\" value=\"360e7bce61\" \/><input type=\"hidden\" name=\"_wp_http_referer\" value=\"\/en\/wp-json\/wp\/v2\/pages\/681\" \/><div class=\"ff-el-group ff-el-section-break  ff_left\" data-name=\"section_break-3_1\" ><h3 class='ff-el-section-title'><\/h3><div class='ff-section_break_desk'><h4 style=\"text-align: left\">telling:Telegramm<\/h4><\/div><hr \/><\/div><div data-type=\"name-element\" data-name=\"names\" class=\"ff-field_container ff-name-field-wrapper\" ><div class='ff-t-container'><div class='ff-t-cell'><div class='ff-el-group'><div class=\"ff-el-input--label asterisk-right\"><label for='ff_3_names_first_name_' >Name<\/label><\/div><div class='ff-el-input--content'><input type=\"text\" name=\"names[first_name]\" id=\"ff_3_names_first_name_\" class=\"ff-el-form-control\" aria-invalid=\"false\" aria-required=\"false\"><\/div><\/div><\/div><\/div><\/div><div class='ff-el-group ff-el-form-left'><div class=\"ff-el-input--label asterisk-right\"><label for='ff_3_email' aria-label=\"Email\">Email<\/label><div class=\"ff-el-tooltip\" data-content=\"N:B: We will send you an email describing how to activate your newsletter subscription.\"><svg width=\"16\" height=\"16\" viewbox=\"0 0 25 25\"><path d=\"m329 393l0-46c0-2-1-4-2-6-2-2-4-3-7-3l-27 0 0-146c0-3-1-5-3-7-2-1-4-2-7-2l-91 0c-3 0-5 1-7 2-1 2-2 4-2 7l0 46c0 2 1 5 2 6 2 2 4 3 7 3l27 0 0 91-27 0c-3 0-5 1-7 3-1 2-2 4-2 6l0 46c0 3 1 5 2 7 2 1 4 2 7 2l128 0c3 0 5-1 7-2 1-2 2-4 2-7z m-36-256l0-46c0-2-1-4-3-6-2-2-4-3-7-3l-54 0c-3 0-5 1-7 3-2 2-3 4-3 6l0 46c0 3 1 5 3 7 2 1 4 2 7 2l54 0c3 0 5-1 7-2 2-2 3-4 3-7z m182 119c0 40-9 77-29 110-20 34-46 60-80 80-33 20-70 29-110 29-40 0-77-9-110-29-34-20-60-46-80-80-20-33-29-70-29-110 0-40 9-77 29-110 20-34 46-60 80-80 33-20 70-29 110-29 40 0 77 9 110 29 34 20 60 46 80 80 20 33 29 70 29 110z\" transform=\"scale(0.046875 0.046875)\"><\/path><\/svg><\/div><\/div><div class='ff-el-input--content'><input type=\"email\" name=\"email\" id=\"ff_3_email\" class=\"ff-el-form-control\" data-name=\"email\"  aria-invalid=\"false\" aria-required=\"false\"><\/div><\/div><div class='ff-el-group ff-text-right ff_submit_btn_wrapper'><button type=\"submit\" class=\"ff-btn ff-btn-submit ff-btn-md ff_btn_style\" >OK<\/button><\/div><\/fieldset><input type=\"hidden\" name=\"trp-form-language\" value=\"en\"\/><\/form><div id='fluentform_3_errors' class='ff-errors-in-stack ff_form_instance_3_1 ff-form-loading_errors ff_form_instance_3_1_errors'><\/div><\/div>        <script type=\"text\/javascript\">\n            window.fluent_form_ff_form_instance_3_1 = {\"id\":\"3\",\"settings\":{\"layout\":{\"labelPlacement\":\"top\",\"helpMessagePlacement\":\"with_label\",\"errorMessagePlacement\":\"inline\",\"cssClassName\":\"\",\"asteriskPlacement\":\"asterisk-right\"},\"restrictions\":{\"denyEmptySubmission\":{\"enabled\":false}}},\"form_instance\":\"ff_form_instance_3_1\",\"form_id_selector\":\"fluentform_3\",\"rules\":{\"names[first_name]\":{\"required\":{\"value\":false,\"message\":\"This field is required\",\"global\":true,\"global_message\":\"Dieses Feld ist erforderlich\"}},\"names[middle_name]\":{\"required\":{\"value\":false,\"message\":\"This field is required\",\"global\":true,\"global_message\":\"Dieses Feld ist erforderlich\"}},\"names[last_name]\":{\"required\":{\"value\":false,\"message\":\"This field is required\",\"global\":true,\"global_message\":\"Dieses Feld ist erforderlich\"}},\"email\":{\"required\":{\"value\":false,\"message\":\"This field is required\",\"global\":true,\"global_message\":\"Dieses Feld ist erforderlich\"},\"email\":{\"value\":true,\"message\":\"This field must contain a valid email\",\"global\":true,\"global_message\":\"Dieses Feld muss eine g\\u00fcltige E-Mail-Adresse enthalten\"}}},\"debounce_time\":300};\n                    <\/script>","protected":false},"excerpt":{"rendered":"<p>Das telling:Telegramm ist unsere Version eines Newsletters. Wer sich hier einschreibt erh\u00e4lt sporadisch Mails mit Hinweisen zu neuen Beitr\u00e4gen auf diesem Blog, zu anderen Publikationen und Aktivit\u00e4ten von t. elling und Holly Nullmeyer, und zur Website didimos.org (Nachrichten aus der Zukunft), die wir hier auch empfehlen m\u00f6chten.<\/p>","protected":false},"author":1,"featured_media":0,"parent":0,"menu_order":0,"comment_status":"closed","ping_status":"closed","template":"","meta":{"jetpack_post_was_ever_published":false,"iawp_total_views":3,"footnotes":""},"class_list":["post-681","page","type-page","status-publish","hentry"],"aioseo_notices":[],"jetpack-related-posts":[],"jetpack_sharing_enabled":true,"_links":{"self":[{"href":"https:\/\/orte-und-texte.de\/en\/wp-json\/wp\/v2\/pages\/681","targetHints":{"allow":["GET"]}}],"collection":[{"href":"https:\/\/orte-und-texte.de\/en\/wp-json\/wp\/v2\/pages"}],"about":[{"href":"https:\/\/orte-und-texte.de\/en\/wp-json\/wp\/v2\/types\/page"}],"author":[{"embeddable":true,"href":"https:\/\/orte-und-texte.de\/en\/wp-json\/wp\/v2\/users\/1"}],"replies":[{"embeddable":true,"href":"https:\/\/orte-und-texte.de\/en\/wp-json\/wp\/v2\/comments?post=681"}],"version-history":[{"count":1,"href":"https:\/\/orte-und-texte.de\/en\/wp-json\/wp\/v2\/pages\/681\/revisions"}],"predecessor-version":[{"id":682,"href":"https:\/\/orte-und-texte.de\/en\/wp-json\/wp\/v2\/pages\/681\/revisions\/682"}],"wp:attachment":[{"href":"https:\/\/orte-und-texte.de\/en\/wp-json\/wp\/v2\/media?parent=681"}],"curies":[{"name":"wp","href":"https:\/\/api.w.org\/{rel}","templated":true}]}}